{"id":192,"date":"2025-05-05T13:03:23","date_gmt":"2025-05-05T13:03:23","guid":{"rendered":"https:\/\/bonos.estimarhotels.com\/?post_type=product&#038;p=192"},"modified":"2026-01-08T12:20:48","modified_gmt":"2026-01-08T12:20:48","slug":"estimar-valencia","status":"publish","type":"product","link":"https:\/\/bonosestimar.cxdelab.com\/de\/produkt\/estimar-valencia\/","title":{"rendered":"ESTIMAR \u2013 Valencia"},"content":{"rendered":"<p class=\"translation-block\">Sie k\u00f6nnen Ihren Geschenkgutschein aus verschiedenen Betr\u00e4gen w\u00e4hlen (200 \u20ac, 300 \u20ac\u2026)*<br>\n<i>*Bitte informieren Sie sich zum Kaufzeitpunkt auf unserer Website \u00fcber die aktuellen Betr\u00e4ge und die <a id=\"m_3631946045552243265LPlnk973987\" title=\"https:\/\/estimarhotels.com\/condiciones-generales\/\" href=\"https:\/\/estimarhotels.com\/condiciones-generales\/\" target=\"_blank\" rel=\"noopener\" data-saferedirecturl=\"https:\/\/www.google.com\/url?q=https:\/\/estimarhotels.com\/condiciones-generales\/&amp;source=gmail&amp;ust=1760458200482000&amp;usg=AOvVaw3AKPIQEVhdB4kbH91oMLSp\">Allgemeinen Gesch\u00e4ftsbedingungen<\/a>.<\/i><\/p>","protected":false},"excerpt":{"rendered":"<p class=\"translation-block\">Sie k\u00f6nnen Ihren Geschenkgutschein aus verschiedenen Betr\u00e4gen w\u00e4hlen (200 \u20ac, 300 \u20ac\u2026)*<br>\n<i>*Bitte informieren Sie sich zum Kaufzeitpunkt auf unserer Website \u00fcber die aktuellen Betr\u00e4ge und die <a id=\"m_3631946045552243265LPlnk973987\" title=\"https:\/\/estimarhotels.com\/condiciones-generales\/\" href=\"https:\/\/estimarhotels.com\/condiciones-generales\/\" target=\"_blank\" rel=\"noopener\" data-saferedirecturl=\"https:\/\/www.google.com\/url?q=https:\/\/estimarhotels.com\/condiciones-generales\/&amp;source=gmail&amp;ust=1760458200482000&amp;usg=AOvVaw3AKPIQEVhdB4kbH91oMLSp\">Allgemeinen Gesch\u00e4ftsbedingungen<\/a>.<\/i><\/p>","protected":false},"featured_media":470,"template":"","meta":{"_acf_changed":false},"product_brand":[],"product_cat":[26],"product_tag":[],"giftcard-category":[],"class_list":{"0":"post-192","1":"product","2":"type-product","3":"status-publish","4":"has-post-thumbnail","6":"product_cat-estimar-valencia","8":"first","9":"instock","10":"virtual","11":"purchasable","12":"product-type-gift-card"},"acf":[],"_links":{"self":[{"href":"https:\/\/bonosestimar.cxdelab.com\/de\/wp-json\/wp\/v2\/product\/192","targetHints":{"allow":["GET"]}}],"collection":[{"href":"https:\/\/bonosestimar.cxdelab.com\/de\/wp-json\/wp\/v2\/product"}],"about":[{"href":"https:\/\/bonosestimar.cxdelab.com\/de\/wp-json\/wp\/v2\/types\/product"}],"wp:featuredmedia":[{"embeddable":true,"href":"https:\/\/bonosestimar.cxdelab.com\/de\/wp-json\/wp\/v2\/media\/470"}],"wp:attachment":[{"href":"https:\/\/bonosestimar.cxdelab.com\/de\/wp-json\/wp\/v2\/media?parent=192"}],"wp:term":[{"taxonomy":"product_brand","embeddable":true,"href":"https:\/\/bonosestimar.cxdelab.com\/de\/wp-json\/wp\/v2\/product_brand?post=192"},{"taxonomy":"product_cat","embeddable":true,"href":"https:\/\/bonosestimar.cxdelab.com\/de\/wp-json\/wp\/v2\/product_cat?post=192"},{"taxonomy":"product_tag","embeddable":true,"href":"https:\/\/bonosestimar.cxdelab.com\/de\/wp-json\/wp\/v2\/product_tag?post=192"},{"taxonomy":"giftcard-category","embeddable":true,"href":"https:\/\/bonosestimar.cxdelab.com\/de\/wp-json\/wp\/v2\/giftcard-category?post=192"}],"curies":[{"name":"wp","href":"https:\/\/api.w.org\/{rel}","templated":true}]}}