{"id":69,"date":"2025-05-02T11:41:51","date_gmt":"2025-05-02T11:41:51","guid":{"rendered":"https:\/\/bonos.estimarhotels.com\/?post_type=product&#038;p=69"},"modified":"2026-01-08T12:22:38","modified_gmt":"2026-01-08T12:22:38","slug":"solymar-gran-hotel-calpe","status":"publish","type":"product","link":"https:\/\/bonosestimar.cxdelab.com\/de\/produkt\/solymar-gran-hotel-calpe\/","title":{"rendered":"SOLYMAR Gran Hotel &#8211; Calpe"},"content":{"rendered":"<p class=\"translation-block\">Sie k\u00f6nnen Ihren Geschenkgutschein aus verschiedenen Betr\u00e4gen w\u00e4hlen (200 \u20ac, 300 \u20ac\u2026)*<br>\n<i>*Bitte informieren Sie sich zum Kaufzeitpunkt auf unserer Website \u00fcber die aktuellen Betr\u00e4ge und die <a id=\"m_3631946045552243265LPlnk973987\" title=\"https:\/\/estimarhotels.com\/condiciones-generales\/\" href=\"https:\/\/estimarhotels.com\/condiciones-generales\/\" target=\"_blank\" rel=\"noopener\" data-saferedirecturl=\"https:\/\/www.google.com\/url?q=https:\/\/estimarhotels.com\/condiciones-generales\/&amp;source=gmail&amp;ust=1760458200482000&amp;usg=AOvVaw3AKPIQEVhdB4kbH91oMLSp\">Allgemeinen Gesch\u00e4ftsbedingungen<\/a>.<\/i><\/p>","protected":false},"excerpt":{"rendered":"<p class=\"translation-block\">Sie k\u00f6nnen Ihren Geschenkgutschein aus verschiedenen Betr\u00e4gen w\u00e4hlen (200 \u20ac, 300 \u20ac\u2026)*<br>\n<i>*Bitte informieren Sie sich zum Kaufzeitpunkt auf unserer Website \u00fcber die aktuellen Betr\u00e4ge und die <a id=\"m_3631946045552243265LPlnk973987\" title=\"https:\/\/estimarhotels.com\/condiciones-generales\/\" href=\"https:\/\/estimarhotels.com\/condiciones-generales\/\" target=\"_blank\" rel=\"noopener\" data-saferedirecturl=\"https:\/\/www.google.com\/url?q=https:\/\/estimarhotels.com\/condiciones-generales\/&amp;source=gmail&amp;ust=1760458200482000&amp;usg=AOvVaw3AKPIQEVhdB4kbH91oMLSp\">Allgemeinen Gesch\u00e4ftsbedingungen<\/a>.<\/i><\/p>","protected":false},"featured_media":462,"template":"","meta":{"_acf_changed":false},"product_brand":[],"product_cat":[29],"product_tag":[],"giftcard-category":[],"class_list":{"0":"post-69","1":"product","2":"type-product","3":"status-publish","4":"has-post-thumbnail","6":"product_cat-solymar-gran-hotel-calpe","8":"first","9":"instock","10":"virtual","11":"purchasable","12":"product-type-gift-card"},"acf":[],"_links":{"self":[{"href":"https:\/\/bonosestimar.cxdelab.com\/de\/wp-json\/wp\/v2\/product\/69","targetHints":{"allow":["GET"]}}],"collection":[{"href":"https:\/\/bonosestimar.cxdelab.com\/de\/wp-json\/wp\/v2\/product"}],"about":[{"href":"https:\/\/bonosestimar.cxdelab.com\/de\/wp-json\/wp\/v2\/types\/product"}],"wp:featuredmedia":[{"embeddable":true,"href":"https:\/\/bonosestimar.cxdelab.com\/de\/wp-json\/wp\/v2\/media\/462"}],"wp:attachment":[{"href":"https:\/\/bonosestimar.cxdelab.com\/de\/wp-json\/wp\/v2\/media?parent=69"}],"wp:term":[{"taxonomy":"product_brand","embeddable":true,"href":"https:\/\/bonosestimar.cxdelab.com\/de\/wp-json\/wp\/v2\/product_brand?post=69"},{"taxonomy":"product_cat","embeddable":true,"href":"https:\/\/bonosestimar.cxdelab.com\/de\/wp-json\/wp\/v2\/product_cat?post=69"},{"taxonomy":"product_tag","embeddable":true,"href":"https:\/\/bonosestimar.cxdelab.com\/de\/wp-json\/wp\/v2\/product_tag?post=69"},{"taxonomy":"giftcard-category","embeddable":true,"href":"https:\/\/bonosestimar.cxdelab.com\/de\/wp-json\/wp\/v2\/giftcard-category?post=69"}],"curies":[{"name":"wp","href":"https:\/\/api.w.org\/{rel}","templated":true}]}}